{"id":684,"date":"2021-12-23T21:17:04","date_gmt":"2021-12-23T21:17:04","guid":{"rendered":"https:\/\/www.singlebroker.mx\/2022\/?page_id=684"},"modified":"2021-12-29T21:44:26","modified_gmt":"2021-12-29T21:44:26","slug":"single-broker-by-grupo-soltero","status":"publish","type":"page","link":"https:\/\/www.singlebroker.mx\/2022\/single-broker-by-grupo-soltero\/","title":{"rendered":"Single Broker by Grupo Soltero"},"content":{"rendered":"[vc_row type=\u00bbin_container\u00bb full_screen_row_position=\u00bbmiddle\u00bb column_margin=\u00bbdefault\u00bb equal_height=\u00bbyes\u00bb content_placement=\u00bbmiddle\u00bb column_direction=\u00bbdefault\u00bb column_direction_tablet=\u00bbdefault\u00bb column_direction_phone=\u00bbdefault\u00bb scene_position=\u00bbcenter\u00bb top_margin=\u00bb150&#8243; text_color=\u00bbdark\u00bb text_align=\u00bbleft\u00bb row_border_radius=\u00bbnone\u00bb row_border_radius_applies=\u00bbbg\u00bb overflow=\u00bbvisible\u00bb advanced_gradient_angle=\u00bb0&#8243; overlay_strength=\u00bb0.3&#8243; gradient_direction=\u00bbleft_to_right\u00bb shape_divider_position=\u00bbbottom\u00bb bg_image_animation=\u00bbnone\u00bb gradient_type=\u00bbdefault\u00bb shape_type=\u00bb\u00bb][vc_column column_padding=\u00bbno-extra-padding\u00bb column_padding_tablet=\u00bbinherit\u00bb column_padding_phone=\u00bbinherit\u00bb column_padding_position=\u00bball\u00bb column_element_spacing=\u00bbdefault\u00bb centered_text=\u00bbtrue\u00bb background_color_opacity=\u00bb1&#8243; background_hover_color_opacity=\u00bb1&#8243; column_shadow=\u00bbnone\u00bb column_border_radius=\u00bbnone\u00bb column_link_target=\u00bb_self\u00bb column_position=\u00bbdefault\u00bb advanced_gradient_angle=\u00bb0&#8243; gradient_direction=\u00bbleft_to_right\u00bb overlay_strength=\u00bb0.3&#8243; width=\u00bb1\/1&#8243; tablet_width_inherit=\u00bbdefault\u00bb tablet_text_alignment=\u00bbdefault\u00bb phone_text_alignment=\u00bbdefault\u00bb animation_type=\u00bbdefault\u00bb bg_image_animation=\u00bbnone\u00bb border_type=\u00bbsimple\u00bb column_border_width=\u00bbnone\u00bb column_border_style=\u00bbsolid\u00bb gradient_type=\u00bbdefault\u00bb][nectar_text_inline_images images=\u00bb278&#8243; image_size=\u00bbnectar_small_square\u00bb image_effect=\u00bbcircle_reveal\u00bb text_color=\u00bb#ffffff\u00bb image_loading=\u00bbdefault\u00bb font_line_height=\u00bb100&#8243;]\n<h1>* \u00a1Hemos evolucionado nuestra imagen!<\/h1>\n[\/nectar_text_inline_images][vc_column_text]Y aunque no tienes nada de que preocuparte, te dejamos algunas preguntas frecuentes sobre nuestro cambio de marca:[\/vc_column_text][\/vc_column][\/vc_row][vc_row type=\u00bbin_container\u00bb full_screen_row_position=\u00bbmiddle\u00bb column_margin=\u00bb20px\u00bb column_direction=\u00bbdefault\u00bb column_direction_tablet=\u00bbdefault\u00bb column_direction_phone=\u00bbdefault\u00bb bg_color=\u00bbrgba(255,255,255,0.8)\u00bb scene_position=\u00bbcenter\u00bb text_color=\u00bbcustom\u00bb custom_text_color=\u00bb#333333&#8243; text_align=\u00bbcenter\u00bb row_border_radius=\u00bbnone\u00bb row_border_radius_applies=\u00bbbg\u00bb overflow=\u00bbvisible\u00bb advanced_gradient_angle=\u00bb0&#8243; overlay_strength=\u00bb0.3&#8243; gradient_direction=\u00bbleft_to_right\u00bb shape_divider_position=\u00bbbottom\u00bb bg_image_animation=\u00bbnone\u00bb gradient_type=\u00bbdefault\u00bb shape_type=\u00bb\u00bb][vc_column column_padding=\u00bbno-extra-padding\u00bb column_padding_tablet=\u00bbinherit\u00bb column_padding_phone=\u00bbinherit\u00bb column_padding_position=\u00bball\u00bb column_element_spacing=\u00bbdefault\u00bb background_color_opacity=\u00bb1&#8243; background_hover_color_opacity=\u00bb1&#8243; column_shadow=\u00bbnone\u00bb column_border_radius=\u00bbnone\u00bb column_link_target=\u00bb_self\u00bb column_position=\u00bbdefault\u00bb gradient_direction=\u00bbleft_to_right\u00bb overlay_strength=\u00bb0.3&#8243; width=\u00bb1\/1&#8243; tablet_width_inherit=\u00bbdefault\u00bb tablet_text_alignment=\u00bbdefault\u00bb phone_text_alignment=\u00bbdefault\u00bb animation_type=\u00bbdefault\u00bb bg_image_animation=\u00bbnone\u00bb border_type=\u00bbsimple\u00bb column_border_width=\u00bbnone\u00bb column_border_style=\u00bbsolid\u00bb][vc_column_text][toggles] [toggle title=\u00bb\u00bfEsto significa que me cambiaron de Agente?\u00bb color=\u00bbExtra-Color-1&#8243; id=\u00bbb1&#8243;] No. Tu Agente y Asesor sigue siendo el mismo que t\u00fa elegiste. Lo \u00fanico que cambio es su imagen empresarial. [\/toggle] [toggle title=\u00bb\u00bfPor qu\u00e9 decidieron cambiar el nombre y la imagen?\u00bb color=\u00bbExtra-Color-1&#8243; id=\u00bbb2&#8243;] No. No creemos que sea solo un cambio, se trata un momento hist\u00f3rico en nuestra evoluci\u00f3n empresarial. Vienen nuevas generaciones, nueva tecnolog\u00eda y con ellos nuevos proyectos y nuevos retos, as\u00ed que nuestra imagen ten\u00eda que estar a la altura. [\/toggle] [toggle title=\u00bb\u00bfSoltero Seguros cambi\u00f3 de due\u00f1os?\u00bb color=\u00bbExtra-Color-1&#8243; id=\u00bbb3&#8243;] No. Soltero Seguros solo cambi\u00f3 de nombre a Single, pero el liderazgo de la Familia Soltero, ahora como el Corporativo Grupo Soltero contin\u00faa a la cabeza de la empresa. [\/toggle] [toggle title=\u00bb\u00bfSoltero Seguros, ahora Single cambi\u00f3 de Directivos?\u00bb color=\u00bbExtra-Color-1&#8243; id=\u00bbb4&#8243;] No. Oscar Soltero Curiel, Oscar Soltero Ponce y Alvaro Soltero Ponce contin\u00faan siendo parte del Consejo Directivo. Oscar Soltero Ponce es el Director General y Adriana Flores la Sub Directora. [\/toggle] [toggle title=\u00bb\u00bfCambiar\u00e1 el Ejecutivo que me atiende?\u00bb color=\u00bbAccent-Color\u00bb id=\u00bbb5&#8243;] No. Tu ejecutivo y asesor de servicio seguir\u00e1 atendi\u00e9ndote con la misma calidez que hasta ahora. [\/toggle] [toggle title=\u00bb\u00bfCambiar\u00e1 la forma en la que me enviar\u00e1n de mis renovaciones?\u00bb color=\u00bbExtra-Color-1&#8243; id=\u00bbb6&#8243;] No. Todos nuestros procesos se seguir\u00e1n manteniendo como hasta ahora, solo con una nueva imagen. [\/toggle] [toggle title=\u00bb\u00bfContinuar\u00e1n record\u00e1ndome sobre mis pagos?\u00bb color=\u00bbExtra-Color-1&#8243; id=\u00bbb7&#8243;] Claro que si! Nuestro proceso de pagos y cobranza seguir\u00e1 funcionando de la misma manera. [\/toggle] [toggle title=\u00bb\u00bfContinuar\u00e9 teniendo los mismos beneficios en hospitales y proveedores?\u00bb color=\u00bbExtra-Color-1&#8243; id=\u00bbb8&#8243;] Si. Nuestros convenios seguir\u00e1n vigentes ahora a nombre de Single y pronto te compartiremos nuevos y mejores beneficios. [\/toggle] [toggle title=\u00bb\u00bfCambiar\u00e1 la ubicaci\u00f3n de sus oficinas, tel\u00e9fonos y correos de contacto?\u00bb color=\u00bbExtra-Color-1&#8243; id=\u00bbb9&#8243;] Seguiremos atendi\u00e9ndote en nuestra misma ubicaci\u00f3n: Circuito Madrigal 4277, Col. Villa Universitaria, Zapopan JAL C.P. 45110 Nuestro tel\u00e9fono sigue siendo el mismo: (33) 38256081 Y nuestros correos electr\u00f3nicos si han sido actualizados para darte respuesta pero no te preocupes, nuestro correo anterior seguir\u00e1 siendo revisado durante muchos meses para no perder ninguna de tus solicitudes. Si quieres conocer nuestros nuevos correos te invitamos a revisar nuestro directorio o escribirnos a info@singlebroker.mx y pedir el dato que necesites. [\/toggle] [toggle title=\u00bb\u00bfCambiar\u00e1 el horario de atenci\u00f3n?\u00bb color=\u00bbExtra-Color-1&#8243; id=\u00bbb10&#8243;] No. Nuestro horario seguir\u00e1 siendo de 9 am a las 6 pm. [\/toggle] [toggle title=\u00bb\u00bfCambiar\u00e1n las tarifas o promociones?\u00bb color=\u00bbExtra-Color-1&#8243; id=\u00bbb11&#8243;] En este momento nuestras tarifas son las mismas, aunque si tendremos nuevas promociones, as\u00ed que te invitamos a seguirnos en redes sociales para que no te las pierdas: https:\/\/www.facebook.com\/soltero.seguros Si tienes alguna duda adicional, por favor escr\u00edbenos y con gusto te la resolveremos: info@singlebroker.mx [\/toggle] [\/toggles][\/vc_column_text][\/vc_column][\/vc_row]\n","protected":false},"excerpt":{"rendered":"<p>[vc_row type=\u00bbin_container\u00bb full_screen_row_position=\u00bbmiddle\u00bb column_margin=\u00bbdefault\u00bb equal_height=\u00bbyes\u00bb content_placement=\u00bbmiddle\u00bb column_direction=\u00bbdefault\u00bb column_direction_tablet=\u00bbdefault\u00bb column_direction_phone=\u00bbdefault\u00bb scene_position=\u00bbcenter\u00bb top_margin=\u00bb150&#8243; text_color=\u00bbdark\u00bb text_align=\u00bbleft\u00bb row_border_radius=\u00bbnone\u00bb row_border_radius_applies=\u00bbbg\u00bb overflow=\u00bbvisible\u00bb advanced_gradient_angle=\u00bb0&#8243; overlay_strength=\u00bb0.3&#8243; gradient_direction=\u00bbleft_to_right\u00bb shape_divider_position=\u00bbbottom\u00bb bg_image_animation=\u00bbnone\u00bb gradient_type=\u00bbdefault\u00bb shape_type=\u00bb\u00bb][vc_column column_padding=\u00bbno-extra-padding\u00bb column_padding_tablet=\u00bbinherit\u00bb column_padding_phone=\u00bbinherit\u00bb column_padding_position=\u00bball\u00bb column_element_spacing=\u00bbdefault\u00bb centered_text=\u00bbtrue\u00bb background_color_opacity=\u00bb1&#8243;&#8230;<\/p>\n","protected":false},"author":1,"featured_media":0,"parent":0,"menu_order":0,"comment_status":"closed","ping_status":"closed","template":"","meta":{"footnotes":""},"class_list":["post-684","page","type-page","status-publish"],"yoast_head":"<!-- This site is optimized with the Yoast SEO plugin v25.9 - https:\/\/yoast.com\/wordpress\/plugins\/seo\/ -->\n<title>Single Broker by Grupo Soltero - SINGLE BROKER<\/title>\n<meta name=\"robots\" content=\"index, follow, max-snippet:-1, max-image-preview:large, max-video-preview:-1\" \/>\n<link rel=\"canonical\" href=\"https:\/\/www.singlebroker.mx\/2022\/single-broker-by-grupo-soltero\/\" \/>\n<meta property=\"og:locale\" content=\"es_ES\" \/>\n<meta property=\"og:type\" content=\"article\" \/>\n<meta property=\"og:title\" content=\"Single Broker by Grupo Soltero - SINGLE BROKER\" \/>\n<meta property=\"og:description\" content=\"[vc_row type=\u00bbin_container\u00bb full_screen_row_position=\u00bbmiddle\u00bb column_margin=\u00bbdefault\u00bb equal_height=\u00bbyes\u00bb content_placement=\u00bbmiddle\u00bb column_direction=\u00bbdefault\u00bb column_direction_tablet=\u00bbdefault\u00bb column_direction_phone=\u00bbdefault\u00bb scene_position=\u00bbcenter\u00bb top_margin=\u00bb150&#8243; text_color=\u00bbdark\u00bb text_align=\u00bbleft\u00bb row_border_radius=\u00bbnone\u00bb row_border_radius_applies=\u00bbbg\u00bb overflow=\u00bbvisible\u00bb advanced_gradient_angle=\u00bb0&#8243; overlay_strength=\u00bb0.3&#8243; gradient_direction=\u00bbleft_to_right\u00bb shape_divider_position=\u00bbbottom\u00bb bg_image_animation=\u00bbnone\u00bb gradient_type=\u00bbdefault\u00bb shape_type=\u00bb\u00bb][vc_column column_padding=\u00bbno-extra-padding\u00bb column_padding_tablet=\u00bbinherit\u00bb column_padding_phone=\u00bbinherit\u00bb column_padding_position=\u00bball\u00bb column_element_spacing=\u00bbdefault\u00bb centered_text=\u00bbtrue\u00bb background_color_opacity=\u00bb1&#8243;...\" \/>\n<meta property=\"og:url\" content=\"https:\/\/www.singlebroker.mx\/2022\/single-broker-by-grupo-soltero\/\" \/>\n<meta property=\"og:site_name\" content=\"SINGLE BROKER\" \/>\n<meta property=\"article:publisher\" content=\"https:\/\/www.facebook.com\/singlebrokermx\" \/>\n<meta property=\"article:modified_time\" content=\"2021-12-29T21:44:26+00:00\" \/>\n<meta name=\"twitter:card\" content=\"summary_large_image\" \/>\n<meta name=\"twitter:label1\" content=\"Tiempo de lectura\" \/>\n\t<meta name=\"twitter:data1\" content=\"4 minutos\" \/>\n<script type=\"application\/ld+json\" class=\"yoast-schema-graph\">{\"@context\":\"https:\/\/schema.org\",\"@graph\":[{\"@type\":\"WebPage\",\"@id\":\"https:\/\/www.singlebroker.mx\/2022\/single-broker-by-grupo-soltero\/\",\"url\":\"https:\/\/www.singlebroker.mx\/2022\/single-broker-by-grupo-soltero\/\",\"name\":\"Single Broker by Grupo Soltero - SINGLE BROKER\",\"isPartOf\":{\"@id\":\"https:\/\/www.singlebroker.mx\/2022\/#website\"},\"datePublished\":\"2021-12-23T21:17:04+00:00\",\"dateModified\":\"2021-12-29T21:44:26+00:00\",\"breadcrumb\":{\"@id\":\"https:\/\/www.singlebroker.mx\/2022\/single-broker-by-grupo-soltero\/#breadcrumb\"},\"inLanguage\":\"es\",\"potentialAction\":[{\"@type\":\"ReadAction\",\"target\":[\"https:\/\/www.singlebroker.mx\/2022\/single-broker-by-grupo-soltero\/\"]}]},{\"@type\":\"BreadcrumbList\",\"@id\":\"https:\/\/www.singlebroker.mx\/2022\/single-broker-by-grupo-soltero\/#breadcrumb\",\"itemListElement\":[{\"@type\":\"ListItem\",\"position\":1,\"name\":\"Portada\",\"item\":\"https:\/\/www.singlebroker.mx\/2022\/\"},{\"@type\":\"ListItem\",\"position\":2,\"name\":\"Single Broker by Grupo Soltero\"}]},{\"@type\":\"WebSite\",\"@id\":\"https:\/\/www.singlebroker.mx\/2022\/#website\",\"url\":\"https:\/\/www.singlebroker.mx\/2022\/\",\"name\":\"SINGLE BROKER - Seguros Guadalajara\",\"description\":\"Tu seguridad en la palma de tu mano\",\"publisher\":{\"@id\":\"https:\/\/www.singlebroker.mx\/2022\/#organization\"},\"potentialAction\":[{\"@type\":\"SearchAction\",\"target\":{\"@type\":\"EntryPoint\",\"urlTemplate\":\"https:\/\/www.singlebroker.mx\/2022\/?s={search_term_string}\"},\"query-input\":{\"@type\":\"PropertyValueSpecification\",\"valueRequired\":true,\"valueName\":\"search_term_string\"}}],\"inLanguage\":\"es\"},{\"@type\":\"Organization\",\"@id\":\"https:\/\/www.singlebroker.mx\/2022\/#organization\",\"name\":\"SINGLE BROKER - Grupo Soltero Seguros\",\"url\":\"https:\/\/www.singlebroker.mx\/2022\/\",\"logo\":{\"@type\":\"ImageObject\",\"inLanguage\":\"es\",\"@id\":\"https:\/\/www.singlebroker.mx\/2022\/#\/schema\/logo\/image\/\",\"url\":\"https:\/\/www.singlebroker.mx\/2022\/wp-content\/uploads\/2021\/12\/Logo_Single-800.png\",\"contentUrl\":\"https:\/\/www.singlebroker.mx\/2022\/wp-content\/uploads\/2021\/12\/Logo_Single-800.png\",\"width\":800,\"height\":800,\"caption\":\"SINGLE BROKER - Grupo Soltero Seguros\"},\"image\":{\"@id\":\"https:\/\/www.singlebroker.mx\/2022\/#\/schema\/logo\/image\/\"},\"sameAs\":[\"https:\/\/www.facebook.com\/singlebrokermx\",\"https:\/\/www.instagram.com\/single_broker\/\"]}]}<\/script>\n<!-- \/ Yoast SEO plugin. -->","yoast_head_json":{"title":"Single Broker by Grupo Soltero - SINGLE BROKER","robots":{"index":"index","follow":"follow","max-snippet":"max-snippet:-1","max-image-preview":"max-image-preview:large","max-video-preview":"max-video-preview:-1"},"canonical":"https:\/\/www.singlebroker.mx\/2022\/single-broker-by-grupo-soltero\/","og_locale":"es_ES","og_type":"article","og_title":"Single Broker by Grupo Soltero - SINGLE BROKER","og_description":"[vc_row type=\u00bbin_container\u00bb full_screen_row_position=\u00bbmiddle\u00bb column_margin=\u00bbdefault\u00bb equal_height=\u00bbyes\u00bb content_placement=\u00bbmiddle\u00bb column_direction=\u00bbdefault\u00bb column_direction_tablet=\u00bbdefault\u00bb column_direction_phone=\u00bbdefault\u00bb scene_position=\u00bbcenter\u00bb top_margin=\u00bb150&#8243; text_color=\u00bbdark\u00bb text_align=\u00bbleft\u00bb row_border_radius=\u00bbnone\u00bb row_border_radius_applies=\u00bbbg\u00bb overflow=\u00bbvisible\u00bb advanced_gradient_angle=\u00bb0&#8243; overlay_strength=\u00bb0.3&#8243; gradient_direction=\u00bbleft_to_right\u00bb shape_divider_position=\u00bbbottom\u00bb bg_image_animation=\u00bbnone\u00bb gradient_type=\u00bbdefault\u00bb shape_type=\u00bb\u00bb][vc_column column_padding=\u00bbno-extra-padding\u00bb column_padding_tablet=\u00bbinherit\u00bb column_padding_phone=\u00bbinherit\u00bb column_padding_position=\u00bball\u00bb column_element_spacing=\u00bbdefault\u00bb centered_text=\u00bbtrue\u00bb background_color_opacity=\u00bb1&#8243;...","og_url":"https:\/\/www.singlebroker.mx\/2022\/single-broker-by-grupo-soltero\/","og_site_name":"SINGLE BROKER","article_publisher":"https:\/\/www.facebook.com\/singlebrokermx","article_modified_time":"2021-12-29T21:44:26+00:00","twitter_card":"summary_large_image","twitter_misc":{"Tiempo de lectura":"4 minutos"},"schema":{"@context":"https:\/\/schema.org","@graph":[{"@type":"WebPage","@id":"https:\/\/www.singlebroker.mx\/2022\/single-broker-by-grupo-soltero\/","url":"https:\/\/www.singlebroker.mx\/2022\/single-broker-by-grupo-soltero\/","name":"Single Broker by Grupo Soltero - SINGLE BROKER","isPartOf":{"@id":"https:\/\/www.singlebroker.mx\/2022\/#website"},"datePublished":"2021-12-23T21:17:04+00:00","dateModified":"2021-12-29T21:44:26+00:00","breadcrumb":{"@id":"https:\/\/www.singlebroker.mx\/2022\/single-broker-by-grupo-soltero\/#breadcrumb"},"inLanguage":"es","potentialAction":[{"@type":"ReadAction","target":["https:\/\/www.singlebroker.mx\/2022\/single-broker-by-grupo-soltero\/"]}]},{"@type":"BreadcrumbList","@id":"https:\/\/www.singlebroker.mx\/2022\/single-broker-by-grupo-soltero\/#breadcrumb","itemListElement":[{"@type":"ListItem","position":1,"name":"Portada","item":"https:\/\/www.singlebroker.mx\/2022\/"},{"@type":"ListItem","position":2,"name":"Single Broker by Grupo Soltero"}]},{"@type":"WebSite","@id":"https:\/\/www.singlebroker.mx\/2022\/#website","url":"https:\/\/www.singlebroker.mx\/2022\/","name":"SINGLE BROKER - Seguros Guadalajara","description":"Tu seguridad en la palma de tu mano","publisher":{"@id":"https:\/\/www.singlebroker.mx\/2022\/#organization"},"potentialAction":[{"@type":"SearchAction","target":{"@type":"EntryPoint","urlTemplate":"https:\/\/www.singlebroker.mx\/2022\/?s={search_term_string}"},"query-input":{"@type":"PropertyValueSpecification","valueRequired":true,"valueName":"search_term_string"}}],"inLanguage":"es"},{"@type":"Organization","@id":"https:\/\/www.singlebroker.mx\/2022\/#organization","name":"SINGLE BROKER - Grupo Soltero Seguros","url":"https:\/\/www.singlebroker.mx\/2022\/","logo":{"@type":"ImageObject","inLanguage":"es","@id":"https:\/\/www.singlebroker.mx\/2022\/#\/schema\/logo\/image\/","url":"https:\/\/www.singlebroker.mx\/2022\/wp-content\/uploads\/2021\/12\/Logo_Single-800.png","contentUrl":"https:\/\/www.singlebroker.mx\/2022\/wp-content\/uploads\/2021\/12\/Logo_Single-800.png","width":800,"height":800,"caption":"SINGLE BROKER - Grupo Soltero Seguros"},"image":{"@id":"https:\/\/www.singlebroker.mx\/2022\/#\/schema\/logo\/image\/"},"sameAs":["https:\/\/www.facebook.com\/singlebrokermx","https:\/\/www.instagram.com\/single_broker\/"]}]}},"_links":{"self":[{"href":"https:\/\/www.singlebroker.mx\/2022\/wp-json\/wp\/v2\/pages\/684","targetHints":{"allow":["GET"]}}],"collection":[{"href":"https:\/\/www.singlebroker.mx\/2022\/wp-json\/wp\/v2\/pages"}],"about":[{"href":"https:\/\/www.singlebroker.mx\/2022\/wp-json\/wp\/v2\/types\/page"}],"author":[{"embeddable":true,"href":"https:\/\/www.singlebroker.mx\/2022\/wp-json\/wp\/v2\/users\/1"}],"replies":[{"embeddable":true,"href":"https:\/\/www.singlebroker.mx\/2022\/wp-json\/wp\/v2\/comments?post=684"}],"version-history":[{"count":22,"href":"https:\/\/www.singlebroker.mx\/2022\/wp-json\/wp\/v2\/pages\/684\/revisions"}],"predecessor-version":[{"id":818,"href":"https:\/\/www.singlebroker.mx\/2022\/wp-json\/wp\/v2\/pages\/684\/revisions\/818"}],"wp:attachment":[{"href":"https:\/\/www.singlebroker.mx\/2022\/wp-json\/wp\/v2\/media?parent=684"}],"curies":[{"name":"wp","href":"https:\/\/api.w.org\/{rel}","templated":true}]}}